{"id":33020,"date":"2021-12-16T11:05:44","date_gmt":"2021-12-16T09:05:44","guid":{"rendered":"https:\/\/www.simplbooks.ee\/%d0%ba%d0%be%d0%bd%d1%82%d0%b0%d0%ba%d1%82%d1%8b\/"},"modified":"2025-04-03T10:47:52","modified_gmt":"2025-04-03T07:47:52","slug":"kontakty","status":"publish","type":"page","link":"https:\/\/www.simplbooks.ee\/ru\/kontakty\/","title":{"rendered":"\u041a\u043e\u043d\u0442\u0430\u043a\u0442\u044b"},"content":{"rendered":"<p>[vc_section full_width=&#187;stretch_row&#187; css=&#187;.vc_custom_1645108802359{padding-top: 7% !important;padding-bottom: 10% !important;}&#187;][vc_row css=&#187;.vc_custom_1643633382351{margin-bottom: 50px !important;}&#187; el_class=&#187;kontakt-pealkiri&#187;][vc_column][vc_column_text]<\/p>\n<h1 class=\"first-heading\">\u041a\u043e\u043d\u0442\u0430\u043a\u0442\u044b<\/h1>\n<p>[\/vc_column_text][\/vc_column][\/vc_row][vc_row css=&#187;.vc_custom_1643632900640{background-color: #f4f6f6 !important;border-radius: 5px !important;}&#187; el_class=&#187;alumine-blokk-uleaare reverse-column-mobile&#187;][vc_column width=&#187;1\/2&#8243; css=&#187;.vc_custom_1643633112958{padding-top: 60px !important;}&#187; el_class=&#187;kontakt-vasak&#187;][vc_column_text]<\/p>\n<h2 class=\"second-heading\">SimplBooks O\u00dc<\/h2>\n<p>S\u00f5pruse \u00c4rimaja, \u0411. \u0421\u044b\u043f\u0440\u0443\u0437\u0435, 145, \u0422\u0430\u043b\u043b\u0438\u043d\u043d, 13425[\/vc_column_text][vc_row_inner][vc_column_inner offset=&#187;vc_col-lg-12 vc_col-md-offset-0 vc_col-md-12&#8243; css=&#187;.vc_custom_1645109041135{margin-bottom: 50px !important;padding-top: 40px !important;padding-right: 40px !important;padding-bottom: 40px !important;padding-left: 40px !important;background-color: #ffffff !important;}&#187;][vc_column_text]<strong><span style=\"color: #000000;\">\u041f\u043e\u0434\u0434\u0435\u0440\u0436\u043a\u0430 \u043f\u043e\u043b\u044c\u0437\u043e\u0432\u0430\u0442\u0435\u043b\u0435\u0439:<\/span><\/strong><\/p>\n<p><span style=\"font-size: 14px;\"><a href=\"mailto:support@simplbooks.ee\"><span class=\"contact-font\" style=\"text-decoration: underline;\"><span style=\"text-decoration: underline;\">support@simplbooks.ee<\/span><\/span><\/a><\/span><br \/>\n<span class=\"contact-font\">\u0422\u0435\u043b\u0435\u0444\u043e\u043d: (+372) 635 0000<\/span><\/p>\n<p><span style=\"color: #000000;\">\u043f\u043e \u0440\u0430\u0431\u043e\u0447\u0438\u043c \u0434\u043d\u044f\u043c 09:00 \u2013 16:00<\/span>[\/vc_column_text][\/vc_column_inner][\/vc_row_inner][\/vc_column][vc_column width=&#187;1\/2&#8243;][vc_single_image image=&#187;33746&#8243; img_size=&#187;650&#215;650&#8243; style=&#187;vc_box_rounded&#187; css=&#187;.vc_custom_1687963978408{margin-top: -80px !important;padding-bottom: 0px !important;}&#187; el_class=&#187;contact-image-right&#187;][vc_single_image image=&#187;981&#8243; img_size=&#187;full&#187; alignment=&#187;right&#187; css=&#187;.vc_custom_1641985160825{margin-top: -450px !important;margin-right: -85px !important;padding-bottom: 280px !important;}&#187;][\/vc_column][\/vc_row][\/vc_section][vc_row][vc_column][vc_column_text][\/vc_column_text][\/vc_column][\/vc_row][vc_section css=&#187;.vc_custom_1641985296822{padding-bottom: 100px !important;}&#187;][vc_row][vc_column css=&#187;.vc_custom_1641979493653{padding-bottom: 20px !important;}&#187;][vc_column_text]<\/p>\n<h2 class=\"second-heading\">\u041d\u0443\u0436\u043d\u0430 \u043f\u043e\u043c\u043e\u0449\u044c? \u0417\u0430\u0433\u043b\u044f\u043d\u0438\u0442\u0435 \u0432 \u043d\u0430\u0448<strong>\u0441\u043f\u0440\u0430\u0432\u043e\u0447\u043d\u044b\u0439 \u0446\u0435\u043d\u0442\u0440<\/strong><\/h2>\n<p>[\/vc_column_text][\/vc_column][\/vc_row][vc_row][vc_column width=&#187;1\/3&#8243;]<a class=\"porto-tooltip 6a04b274055ae\" href = \"https:\/\/support.simplbooks.ee\/ru\/kategooriad\/kak-natsat-ru\/\"   ><div id=\"porto-icon-19480038286a04b274056a6\" class=\"porto-just-icon-wrapper porto-sicon-img porto-icon-pos-left  vc_custom_1690547817053\" style=\"background:#ffffff;border-style:solid;border-color:#ffffff;border-width:1px;border-radius:8px;font-size: 200px;\"><img loading=\"lazy\" decoding=\"async\" class=\"img-icon\" alt=\"\" src=\"https:\/\/www.simplbooks.ee\/wp-content\/uploads\/2023\/05\/3-1.jpg\" width=\"1024\" height=\"1024\" \/><\/div><\/a>[vc_column_text]<\/p>\n<h5 style=\"text-align: left;\"><a href=\"https:\/\/support.simplbooks.ee\/ru\/kategooriad\/kak-natsat-ru\/\"><strong>\u041a\u0430\u043a \u043d\u0430\u0447\u0430\u0442\u044c?<\/strong><\/a><\/h5>\n<p>[\/vc_column_text][\/vc_column][vc_column width=&#187;1\/3&#8243;]<a class=\"porto-tooltip 6a04b274056db\" href = \"https:\/\/support.simplbooks.ee\/ru\/kasutusjuhendid\/\"   ><div id=\"porto-icon-20430647936a04b2740577d\" class=\"porto-just-icon-wrapper porto-sicon-img porto-icon-pos-left  vc_custom_1690547837869\" style=\"background:#ffffff;border-radius:8px;font-size: 200px;\"><img loading=\"lazy\" decoding=\"async\" class=\"img-icon\" alt=\"\" src=\"https:\/\/www.simplbooks.ee\/wp-content\/uploads\/2023\/05\/2-1.jpg\" width=\"1024\" height=\"1024\" \/><\/div><\/a>[vc_column_text]<\/p>\n<h5><a href=\"https:\/\/support.simplbooks.ee\/ru\/kasutusjuhendid\/\"><strong>\u0420\u0443\u043a\u043e\u0432\u043e\u0434\u0441\u0442\u0432\u0430 \u043f\u043e\u043b\u044c\u0437\u043e\u0432\u0430\u0442\u0435\u043b\u044f<\/strong><\/a><\/h5>\n<p>[\/vc_column_text][\/vc_column][vc_column width=&#187;1\/3&#8243;]<a class=\"porto-tooltip 6a04b274057a8\" href = \"https:\/\/support.simplbooks.ee\/kategooriad\/webinarid\/\"   ><div id=\"porto-icon-14170312986a04b27405849\" class=\"porto-just-icon-wrapper porto-sicon-img porto-icon-pos-left  vc_custom_1690547848412\" style=\"background:#ffffff;border-radius:8px;font-size: 200px;\"><img loading=\"lazy\" decoding=\"async\" class=\"img-icon\" alt=\"\" src=\"https:\/\/www.simplbooks.ee\/wp-content\/uploads\/2023\/05\/1-1.jpg\" width=\"1024\" height=\"1024\" \/><\/div><\/a>[vc_column_text]<\/p>\n<h5><strong><a href=\"https:\/\/support.simplbooks.ee\/kategooriad\/webinarid\/\">\u0412\u0435\u0431\u0438\u043d\u0430\u0440\u044b\u00a0(\u043d\u0430 \u044d\u0441\u0442\u043e\u043d\u0441\u043a\u043e\u043c)<\/a><\/strong><\/h5>\n<p>[\/vc_column_text][\/vc_column][\/vc_row][\/vc_section][vc_section css=&#187;.vc_custom_1641985296822{padding-bottom: 100px !important;}&#187;][vc_row][vc_column css=&#187;.vc_custom_1641979493653{padding-bottom: 20px !important;}&#187;][vc_column_text]<\/p>\n<h2 class=\"second-heading\">\u0411\u0430\u043d\u043a\u043e\u0432\u0441\u043a\u0438\u0435 \u0440\u0435\u043a\u0432\u0438\u0437\u0438\u0442\u044b<\/h2>\n<p>[\/vc_column_text][\/vc_column][\/vc_row][vc_row][vc_column width=&#187;1\/3&#8243;][vc_column_text]AS SEB Pank<br \/>\nIBAN: EE481010220202921223<br \/>\nSWIFT: EEUHEE2X[\/vc_column_text][\/vc_column][vc_column width=&#187;1\/3&#8243;][vc_column_text]Swedbank AS<br \/>\nIBAN: EE772200221060591752<br \/>\nSWIFT: HABAEE2X[\/vc_column_text][\/vc_column][vc_column width=&#187;1\/3&#8243;][vc_column_text]AS LHV Pank<br \/>\nIBAN: EE777700771004654972<br \/>\nSWIFT: LHVBEE22[\/vc_column_text][\/vc_column][\/vc_row][\/vc_section]<\/p>\n","protected":false},"excerpt":{"rendered":"<p>[vc_section full_width=&#187;stretch_row&#187; css=&#187;.vc_custom_1645108802359{padding-top: 7% !important;padding-bottom: 10% !important;}&#187;][vc_row css=&#187;.vc_custom_1643633382351{margin-bottom: 50px !important;}&#187; el_class=&#187;kontakt-pealkiri&#187;][vc_column][vc_column_text] \u041a\u043e\u043d\u0442\u0430\u043a\u0442\u044b [\/vc_column_text][\/vc_column][\/vc_row][vc_row css=&#187;.vc_custom_1643632900640{background-color: #f4f6f6 !important;border-radius: 5px !important;}&#187; el_class=&#187;alumine-blokk-uleaare reverse-column-mobile&#187;][vc_column width=&#187;1\/2&#8243; css=&#187;.vc_custom_1643633112958{padding-top: 60px !important;}&#187; el_class=&#187;kontakt-vasak&#187;][vc_column_text] SimplBooks O\u00dc S\u00f5pruse \u00c4rimaja, \u0411. \u0421\u044b\u043f\u0440\u0443\u0437\u0435, 145, \u0422\u0430\u043b\u043b\u0438\u043d\u043d, 13425[\/vc_column_text][vc_row_inner][vc_column_inner offset=&#187;vc_col-lg-12 vc_col-md-offset-0 vc_col-md-12&#8243; css=&#187;.vc_custom_1645109041135{margin-bottom: 50px !important;padding-top: 40px !important;padding-right: 40px !important;padding-bottom: 40px !important;padding-left: 40px !important;background-color: #ffffff !important;}&#187;][vc_column_text]\u041f\u043e\u0434\u0434\u0435\u0440\u0436\u043a\u0430 \u043f\u043e\u043b\u044c\u0437\u043e\u0432\u0430\u0442\u0435\u043b\u0435\u0439: support@simplbooks.ee \u0422\u0435\u043b\u0435\u0444\u043e\u043d: (+372) 635 [&hellip;]<\/p>\n","protected":false},"author":1,"featured_media":0,"parent":0,"menu_order":0,"comment_status":"closed","ping_status":"closed","template":"","meta":{"inline_featured_image":false,"footnotes":""},"yoast_head":"<!-- This site is optimized with the Yoast SEO plugin v22.7 - https:\/\/yoast.com\/wordpress\/plugins\/seo\/ -->\n<title>\u041a\u043e\u043d\u0442\u0430\u043a\u0442\u044b \u2013 SimplBooks<\/title>\n<meta name=\"description\" content=\"SimplBooks O\u00dc, c\u0432\u044f\u0436\u0438\u0442\u0435\u0441\u044c \u0441 \u043d\u0430\u0448\u0435\u0439 \u0441\u043b\u0443\u0436\u0431\u043e\u0439 \u043f\u043e\u0434\u0434\u0435\u0440\u0436\u043a\u0438 \u043f\u043e \u0430\u0434\u0440\u0435\u0441\u0443 support@simplbooks.ee \u0438\u043b\u0438 \u0442\u0435\u043b\u0435\u0444\u043e\u043d\u0443 +372 635 0000 (\u0432 \u0440\u0430\u0431\u043e\u0447\u0438\u0435 \u0434\u043d\u0438 \u0441 9:00 \u0434\u043e 16:00).\" \/>\n<meta name=\"robots\" content=\"index, follow, max-snippet:-1, max-image-preview:large, max-video-preview:-1\" \/>\n<link rel=\"canonical\" href=\"https:\/\/www.simplbooks.ee\/ru\/kontakty\/\" \/>\n<meta property=\"og:locale\" content=\"ru_RU\" \/>\n<meta property=\"og:type\" content=\"article\" \/>\n<meta property=\"og:title\" content=\"\u041a\u043e\u043d\u0442\u0430\u043a\u0442\u044b \u2013 SimplBooks\" \/>\n<meta property=\"og:description\" content=\"SimplBooks O\u00dc, c\u0432\u044f\u0436\u0438\u0442\u0435\u0441\u044c \u0441 \u043d\u0430\u0448\u0435\u0439 \u0441\u043b\u0443\u0436\u0431\u043e\u0439 \u043f\u043e\u0434\u0434\u0435\u0440\u0436\u043a\u0438 \u043f\u043e \u0430\u0434\u0440\u0435\u0441\u0443 support@simplbooks.ee \u0438\u043b\u0438 \u0442\u0435\u043b\u0435\u0444\u043e\u043d\u0443 +372 635 0000 (\u0432 \u0440\u0430\u0431\u043e\u0447\u0438\u0435 \u0434\u043d\u0438 \u0441 9:00 \u0434\u043e 16:00).\" \/>\n<meta property=\"og:url\" content=\"https:\/\/www.simplbooks.ee\/ru\/kontakty\/\" \/>\n<meta property=\"og:site_name\" content=\"SimplBooks\" \/>\n<meta property=\"article:modified_time\" content=\"2025-04-03T07:47:52+00:00\" \/>\n<meta name=\"twitter:card\" content=\"summary_large_image\" \/>\n<meta name=\"twitter:label1\" content=\"\u041f\u0440\u0438\u043c\u0435\u0440\u043d\u043e\u0435 \u0432\u0440\u0435\u043c\u044f \u0434\u043b\u044f \u0447\u0442\u0435\u043d\u0438\u044f\" \/>\n\t<meta name=\"twitter:data1\" content=\"2 \u043c\u0438\u043d\u0443\u0442\u044b\" \/>\n<script type=\"application\/ld+json\" class=\"yoast-schema-graph\">{\"@context\":\"https:\/\/schema.org\",\"@graph\":[{\"@type\":\"WebPage\",\"@id\":\"https:\/\/www.simplbooks.ee\/ru\/kontakty\/\",\"url\":\"https:\/\/www.simplbooks.ee\/ru\/kontakty\/\",\"name\":\"\u041a\u043e\u043d\u0442\u0430\u043a\u0442\u044b \u2013 SimplBooks\",\"isPartOf\":{\"@id\":\"https:\/\/www.simplbooks.ee\/ru\/#website\"},\"datePublished\":\"2021-12-16T09:05:44+00:00\",\"dateModified\":\"2025-04-03T07:47:52+00:00\",\"description\":\"SimplBooks O\u00dc, c\u0432\u044f\u0436\u0438\u0442\u0435\u0441\u044c \u0441 \u043d\u0430\u0448\u0435\u0439 \u0441\u043b\u0443\u0436\u0431\u043e\u0439 \u043f\u043e\u0434\u0434\u0435\u0440\u0436\u043a\u0438 \u043f\u043e \u0430\u0434\u0440\u0435\u0441\u0443 support@simplbooks.ee \u0438\u043b\u0438 \u0442\u0435\u043b\u0435\u0444\u043e\u043d\u0443 +372 635 0000 (\u0432 \u0440\u0430\u0431\u043e\u0447\u0438\u0435 \u0434\u043d\u0438 \u0441 9:00 \u0434\u043e 16:00).\",\"breadcrumb\":{\"@id\":\"https:\/\/www.simplbooks.ee\/ru\/kontakty\/#breadcrumb\"},\"inLanguage\":\"ru-RU\",\"potentialAction\":[{\"@type\":\"ReadAction\",\"target\":[\"https:\/\/www.simplbooks.ee\/ru\/kontakty\/\"]}]},{\"@type\":\"BreadcrumbList\",\"@id\":\"https:\/\/www.simplbooks.ee\/ru\/kontakty\/#breadcrumb\",\"itemListElement\":[{\"@type\":\"ListItem\",\"position\":1,\"name\":\"Home\",\"item\":\"https:\/\/www.simplbooks.ee\/ru\/\"},{\"@type\":\"ListItem\",\"position\":2,\"name\":\"\u041a\u043e\u043d\u0442\u0430\u043a\u0442\u044b\"}]},{\"@type\":\"WebSite\",\"@id\":\"https:\/\/www.simplbooks.ee\/ru\/#website\",\"url\":\"https:\/\/www.simplbooks.ee\/ru\/\",\"name\":\"SimplBooks\",\"description\":\"Raamatupidamistarkvara\",\"potentialAction\":[{\"@type\":\"SearchAction\",\"target\":{\"@type\":\"EntryPoint\",\"urlTemplate\":\"https:\/\/www.simplbooks.ee\/ru\/?s={search_term_string}\"},\"query-input\":\"required name=search_term_string\"}],\"inLanguage\":\"ru-RU\"}]}<\/script>\n<!-- \/ Yoast SEO plugin. -->","yoast_head_json":{"title":"\u041a\u043e\u043d\u0442\u0430\u043a\u0442\u044b \u2013 SimplBooks","description":"SimplBooks O\u00dc, c\u0432\u044f\u0436\u0438\u0442\u0435\u0441\u044c \u0441 \u043d\u0430\u0448\u0435\u0439 \u0441\u043b\u0443\u0436\u0431\u043e\u0439 \u043f\u043e\u0434\u0434\u0435\u0440\u0436\u043a\u0438 \u043f\u043e \u0430\u0434\u0440\u0435\u0441\u0443 support@simplbooks.ee \u0438\u043b\u0438 \u0442\u0435\u043b\u0435\u0444\u043e\u043d\u0443 +372 635 0000 (\u0432 \u0440\u0430\u0431\u043e\u0447\u0438\u0435 \u0434\u043d\u0438 \u0441 9:00 \u0434\u043e 16:00).","robots":{"index":"index","follow":"follow","max-snippet":"max-snippet:-1","max-image-preview":"max-image-preview:large","max-video-preview":"max-video-preview:-1"},"canonical":"https:\/\/www.simplbooks.ee\/ru\/kontakty\/","og_locale":"ru_RU","og_type":"article","og_title":"\u041a\u043e\u043d\u0442\u0430\u043a\u0442\u044b \u2013 SimplBooks","og_description":"SimplBooks O\u00dc, c\u0432\u044f\u0436\u0438\u0442\u0435\u0441\u044c \u0441 \u043d\u0430\u0448\u0435\u0439 \u0441\u043b\u0443\u0436\u0431\u043e\u0439 \u043f\u043e\u0434\u0434\u0435\u0440\u0436\u043a\u0438 \u043f\u043e \u0430\u0434\u0440\u0435\u0441\u0443 support@simplbooks.ee \u0438\u043b\u0438 \u0442\u0435\u043b\u0435\u0444\u043e\u043d\u0443 +372 635 0000 (\u0432 \u0440\u0430\u0431\u043e\u0447\u0438\u0435 \u0434\u043d\u0438 \u0441 9:00 \u0434\u043e 16:00).","og_url":"https:\/\/www.simplbooks.ee\/ru\/kontakty\/","og_site_name":"SimplBooks","article_modified_time":"2025-04-03T07:47:52+00:00","twitter_card":"summary_large_image","twitter_misc":{"\u041f\u0440\u0438\u043c\u0435\u0440\u043d\u043e\u0435 \u0432\u0440\u0435\u043c\u044f \u0434\u043b\u044f \u0447\u0442\u0435\u043d\u0438\u044f":"2 \u043c\u0438\u043d\u0443\u0442\u044b"},"schema":{"@context":"https:\/\/schema.org","@graph":[{"@type":"WebPage","@id":"https:\/\/www.simplbooks.ee\/ru\/kontakty\/","url":"https:\/\/www.simplbooks.ee\/ru\/kontakty\/","name":"\u041a\u043e\u043d\u0442\u0430\u043a\u0442\u044b \u2013 SimplBooks","isPartOf":{"@id":"https:\/\/www.simplbooks.ee\/ru\/#website"},"datePublished":"2021-12-16T09:05:44+00:00","dateModified":"2025-04-03T07:47:52+00:00","description":"SimplBooks O\u00dc, c\u0432\u044f\u0436\u0438\u0442\u0435\u0441\u044c \u0441 \u043d\u0430\u0448\u0435\u0439 \u0441\u043b\u0443\u0436\u0431\u043e\u0439 \u043f\u043e\u0434\u0434\u0435\u0440\u0436\u043a\u0438 \u043f\u043e \u0430\u0434\u0440\u0435\u0441\u0443 support@simplbooks.ee \u0438\u043b\u0438 \u0442\u0435\u043b\u0435\u0444\u043e\u043d\u0443 +372 635 0000 (\u0432 \u0440\u0430\u0431\u043e\u0447\u0438\u0435 \u0434\u043d\u0438 \u0441 9:00 \u0434\u043e 16:00).","breadcrumb":{"@id":"https:\/\/www.simplbooks.ee\/ru\/kontakty\/#breadcrumb"},"inLanguage":"ru-RU","potentialAction":[{"@type":"ReadAction","target":["https:\/\/www.simplbooks.ee\/ru\/kontakty\/"]}]},{"@type":"BreadcrumbList","@id":"https:\/\/www.simplbooks.ee\/ru\/kontakty\/#breadcrumb","itemListElement":[{"@type":"ListItem","position":1,"name":"Home","item":"https:\/\/www.simplbooks.ee\/ru\/"},{"@type":"ListItem","position":2,"name":"\u041a\u043e\u043d\u0442\u0430\u043a\u0442\u044b"}]},{"@type":"WebSite","@id":"https:\/\/www.simplbooks.ee\/ru\/#website","url":"https:\/\/www.simplbooks.ee\/ru\/","name":"SimplBooks","description":"Raamatupidamistarkvara","potentialAction":[{"@type":"SearchAction","target":{"@type":"EntryPoint","urlTemplate":"https:\/\/www.simplbooks.ee\/ru\/?s={search_term_string}"},"query-input":"required name=search_term_string"}],"inLanguage":"ru-RU"}]}},"_links":{"self":[{"href":"https:\/\/www.simplbooks.ee\/ru\/wp-json\/wp\/v2\/pages\/33020"}],"collection":[{"href":"https:\/\/www.simplbooks.ee\/ru\/wp-json\/wp\/v2\/pages"}],"about":[{"href":"https:\/\/www.simplbooks.ee\/ru\/wp-json\/wp\/v2\/types\/page"}],"author":[{"embeddable":true,"href":"https:\/\/www.simplbooks.ee\/ru\/wp-json\/wp\/v2\/users\/1"}],"replies":[{"embeddable":true,"href":"https:\/\/www.simplbooks.ee\/ru\/wp-json\/wp\/v2\/comments?post=33020"}],"version-history":[{"count":14,"href":"https:\/\/www.simplbooks.ee\/ru\/wp-json\/wp\/v2\/pages\/33020\/revisions"}],"predecessor-version":[{"id":35493,"href":"https:\/\/www.simplbooks.ee\/ru\/wp-json\/wp\/v2\/pages\/33020\/revisions\/35493"}],"wp:attachment":[{"href":"https:\/\/www.simplbooks.ee\/ru\/wp-json\/wp\/v2\/media?parent=33020"}],"curies":[{"name":"wp","href":"https:\/\/api.w.org\/{rel}","templated":true}]}}