{"id":32985,"date":"2021-12-16T11:05:44","date_gmt":"2021-12-16T09:05:44","guid":{"rendered":"https:\/\/www.simplbooks.ee\/kontakt\/"},"modified":"2025-04-02T11:43:52","modified_gmt":"2025-04-02T08:43:52","slug":"contact","status":"publish","type":"page","link":"https:\/\/www.simplbooks.ee\/en\/contact\/","title":{"rendered":"Contact"},"content":{"rendered":"<p>[vc_section full_width=&#8221;stretch_row&#8221; css=&#8221;.vc_custom_1645108802359{padding-top: 7% !important;padding-bottom: 10% !important;}&#8221;][vc_row css=&#8221;.vc_custom_1643633382351{margin-bottom: 50px !important;}&#8221; el_class=&#8221;kontakt-pealkiri&#8221;][vc_column][vc_column_text]<\/p>\n<h1 class=\"first-heading\">Contact details<\/h1>\n<p>[\/vc_column_text][\/vc_column][\/vc_row][vc_row css=&#8221;.vc_custom_1643632900640{background-color: #f4f6f6 !important;border-radius: 5px !important;}&#8221; el_class=&#8221;alumine-blokk-uleaare reverse-column-mobile&#8221;][vc_column width=&#8221;1\/2&#8243; css=&#8221;.vc_custom_1643633112958{padding-top: 60px !important;}&#8221; el_class=&#8221;kontakt-vasak&#8221;][vc_column_text]<\/p>\n<h2 class=\"second-heading\">SimplBooks O\u00dc<\/h2>\n<p>S\u00f5pruse \u00c4rimaja, S\u00f5pruse pst 145, Tallinn 13425[\/vc_column_text][vc_row_inner][vc_column_inner offset=&#8221;vc_col-lg-12 vc_col-md-offset-0 vc_col-md-12&#8243; css=&#8221;.vc_custom_1645109041135{margin-bottom: 50px !important;padding-top: 40px !important;padding-right: 40px !important;padding-bottom: 40px !important;padding-left: 40px !important;background-color: #ffffff !important;}&#8221;][vc_column_text]<strong><span style=\"color: #000000;\">Helpdesk:<\/span><\/strong><\/p>\n<p><span style=\"font-size: 14px;\"><a href=\"mailto:support@simplbooks.ee\"><span class=\"contact-font\" style=\"text-decoration: underline;\"><span style=\"text-decoration: underline;\">support@simplbooks.ee<\/span><\/span><\/a><\/span><br \/>\n<span class=\"contact-font\">Phone: (+372) 635 0000<\/span><\/p>\n<p><b>on weekdays 09:00\u201316:00<\/b>[\/vc_column_text][\/vc_column_inner][\/vc_row_inner][\/vc_column][vc_column width=&#8221;1\/2&#8243;][vc_single_image image=&#8221;33745&#8243; img_size=&#8221;650&#215;650&#8243; style=&#8221;vc_box_rounded&#8221; css=&#8221;.vc_custom_1687963580256{margin-top: -80px !important;padding-bottom: 0px !important;}&#8221; el_class=&#8221;contact-image-right&#8221;][vc_single_image image=&#8221;980&#8243; img_size=&#8221;full&#8221; alignment=&#8221;right&#8221; css=&#8221;.vc_custom_1641985160825{margin-top: -450px !important;margin-right: -85px !important;padding-bottom: 280px !important;}&#8221;][\/vc_column][\/vc_row][\/vc_section][vc_row][vc_column][vc_column_text][\/vc_column_text][\/vc_column][\/vc_row][vc_section css=&#8221;.vc_custom_1641985296822{padding-bottom: 100px !important;}&#8221;][vc_row][vc_column css=&#8221;.vc_custom_1641979493653{padding-bottom: 20px !important;}&#8221;][vc_column_text]<\/p>\n<h2 class=\"second-heading\">Need help? See our <strong>support platform<\/strong><\/h2>\n<p>[\/vc_column_text][\/vc_column][\/vc_row][vc_row][vc_column width=&#8221;1\/3&#8243;]<a class=\"porto-tooltip 69e55f9283ea7\" href = \"https:\/\/support.simplbooks.ee\/en\/kategooriad\/where-to-start\/\"   ><div id=\"porto-icon-116325768869e55f928403f\" class=\"porto-just-icon-wrapper porto-sicon-img porto-icon-pos-left  vc_custom_1690547730284\" style=\"background:#ffffff;border-style:solid;border-color:#ffffff;border-width:1px;border-radius:8px;font-size: 200px;\"><img loading=\"lazy\" decoding=\"async\" class=\"img-icon\" alt=\"\" src=\"https:\/\/www.simplbooks.ee\/wp-content\/uploads\/2023\/05\/3-1.jpg\" width=\"1024\" height=\"1024\" \/><\/div><\/a>[vc_column_text]<\/p>\n<h5 style=\"text-align: left;\"><a href=\"https:\/\/support.simplbooks.ee\/en\/kategooriad\/where-to-start\/\"><strong>How to get started?<\/strong><\/a><\/h5>\n<p>[\/vc_column_text][\/vc_column][vc_column width=&#8221;1\/3&#8243;]<a class=\"porto-tooltip 69e55f9284082\" href = \"https:\/\/support.simplbooks.ee\/en\/kasutusjuhendid\/\"   ><div id=\"porto-icon-183028284769e55f92841a5\" class=\"porto-just-icon-wrapper porto-sicon-img porto-icon-pos-left  vc_custom_1690547685011\" style=\"background:#ffffff;border-radius:8px;font-size: 200px;\"><img loading=\"lazy\" decoding=\"async\" class=\"img-icon\" alt=\"\" src=\"https:\/\/www.simplbooks.ee\/wp-content\/uploads\/2023\/05\/2-1.jpg\" width=\"1024\" height=\"1024\" \/><\/div><\/a>[vc_column_text]<\/p>\n<h5><a href=\"https:\/\/support.simplbooks.ee\/en\/kasutusjuhendid\/\"><strong>Knowledge base<\/strong><\/a><\/h5>\n<p>[\/vc_column_text][\/vc_column][vc_column width=&#8221;1\/3&#8243;]<a class=\"porto-tooltip 69e55f92841e4\" href = \"https:\/\/support.simplbooks.ee\/kategooriad\/webinarid\/\"   ><div id=\"porto-icon-56152769369e55f928430b\" class=\"porto-just-icon-wrapper porto-sicon-img porto-icon-pos-left  vc_custom_1683808296249\" style=\"background:#ffffff;border-radius:8px;font-size: 200px;\"><img loading=\"lazy\" decoding=\"async\" class=\"img-icon\" alt=\"\" src=\"https:\/\/www.simplbooks.ee\/wp-content\/uploads\/2023\/05\/1-1.jpg\" width=\"1024\" height=\"1024\" \/><\/div><\/a>[vc_column_text]<\/p>\n<h5><a href=\"https:\/\/support.simplbooks.ee\/kategooriad\/webinarid\/\"><strong>Webinars (in Estonian)<\/strong><\/a><\/h5>\n<p>[\/vc_column_text][\/vc_column][\/vc_row][\/vc_section][vc_section css=&#8221;.vc_custom_1641985296822{padding-bottom: 100px !important;}&#8221;][vc_row][vc_column css=&#8221;.vc_custom_1641979493653{padding-bottom: 20px !important;}&#8221;][vc_column_text]<\/p>\n<h2 class=\"second-heading\">Bank details<\/h2>\n<p>[\/vc_column_text][\/vc_column][\/vc_row][vc_row][vc_column width=&#8221;1\/3&#8243;][vc_column_text]AS SEB Pank<br \/>\nIBAN: EE481010220202921223<br \/>\nSWIFT: EEUHEE2X[\/vc_column_text][\/vc_column][vc_column width=&#8221;1\/3&#8243;][vc_column_text]Swedbank AS<br \/>\nIBAN: EE772200221060591752<br \/>\nSWIFT: HABAEE2X[\/vc_column_text][\/vc_column][vc_column width=&#8221;1\/3&#8243;][vc_column_text]AS LHV Pank<br \/>\nIBAN: EE777700771004654972<br \/>\nSWIFT: LHVBEE22[\/vc_column_text][\/vc_column][\/vc_row][\/vc_section]<\/p>\n","protected":false},"excerpt":{"rendered":"<p>[vc_section full_width=&#8221;stretch_row&#8221; css=&#8221;.vc_custom_1645108802359{padding-top: 7% !important;padding-bottom: 10% !important;}&#8221;][vc_row css=&#8221;.vc_custom_1643633382351{margin-bottom: 50px !important;}&#8221; el_class=&#8221;kontakt-pealkiri&#8221;][vc_column][vc_column_text] Contact details [\/vc_column_text][\/vc_column][\/vc_row][vc_row css=&#8221;.vc_custom_1643632900640{background-color: #f4f6f6 !important;border-radius: 5px !important;}&#8221; el_class=&#8221;alumine-blokk-uleaare reverse-column-mobile&#8221;][vc_column width=&#8221;1\/2&#8243; css=&#8221;.vc_custom_1643633112958{padding-top: 60px !important;}&#8221; el_class=&#8221;kontakt-vasak&#8221;][vc_column_text] SimplBooks O\u00dc S\u00f5pruse \u00c4rimaja, S\u00f5pruse pst 145, Tallinn 13425[\/vc_column_text][vc_row_inner][vc_column_inner offset=&#8221;vc_col-lg-12 vc_col-md-offset-0 vc_col-md-12&#8243; css=&#8221;.vc_custom_1645109041135{margin-bottom: 50px !important;padding-top: 40px !important;padding-right: 40px !important;padding-bottom: 40px !important;padding-left: 40px !important;background-color: #ffffff !important;}&#8221;][vc_column_text]Helpdesk: support@simplbooks.ee Phone: (+372) 635 [&hellip;]<\/p>\n","protected":false},"author":1,"featured_media":0,"parent":0,"menu_order":0,"comment_status":"closed","ping_status":"closed","template":"","meta":{"inline_featured_image":false,"footnotes":""},"yoast_head":"<!-- This site is optimized with the Yoast SEO plugin v22.7 - https:\/\/yoast.com\/wordpress\/plugins\/seo\/ -->\n<title>Contact - SimplBooks<\/title>\n<meta name=\"description\" content=\"SimplBooks O\u00dc, S\u00f5pruse \u00c4rimaja. Get in touch with our support team at support@simplbooks.ee or call +372 635 0000 (Mon-Fri 9:00-16:00).\" \/>\n<meta name=\"robots\" content=\"index, follow, max-snippet:-1, max-image-preview:large, max-video-preview:-1\" \/>\n<link rel=\"canonical\" href=\"https:\/\/www.simplbooks.ee\/en\/contact\/\" \/>\n<meta property=\"og:locale\" content=\"en_US\" \/>\n<meta property=\"og:type\" content=\"article\" \/>\n<meta property=\"og:title\" content=\"Contact - SimplBooks\" \/>\n<meta property=\"og:description\" content=\"SimplBooks O\u00dc, S\u00f5pruse \u00c4rimaja. Get in touch with our support team at support@simplbooks.ee or call +372 635 0000 (Mon-Fri 9:00-16:00).\" \/>\n<meta property=\"og:url\" content=\"https:\/\/www.simplbooks.ee\/en\/contact\/\" \/>\n<meta property=\"og:site_name\" content=\"SimplBooks\" \/>\n<meta property=\"article:modified_time\" content=\"2025-04-02T08:43:52+00:00\" \/>\n<meta name=\"twitter:card\" content=\"summary_large_image\" \/>\n<meta name=\"twitter:label1\" content=\"Est. reading time\" \/>\n\t<meta name=\"twitter:data1\" content=\"2 minutes\" \/>\n<script type=\"application\/ld+json\" class=\"yoast-schema-graph\">{\"@context\":\"https:\/\/schema.org\",\"@graph\":[{\"@type\":\"WebPage\",\"@id\":\"https:\/\/www.simplbooks.ee\/en\/contact\/\",\"url\":\"https:\/\/www.simplbooks.ee\/en\/contact\/\",\"name\":\"Contact - SimplBooks\",\"isPartOf\":{\"@id\":\"https:\/\/www.simplbooks.ee\/en\/#website\"},\"datePublished\":\"2021-12-16T09:05:44+00:00\",\"dateModified\":\"2025-04-02T08:43:52+00:00\",\"description\":\"SimplBooks O\u00dc, S\u00f5pruse \u00c4rimaja. Get in touch with our support team at support@simplbooks.ee or call +372 635 0000 (Mon-Fri 9:00-16:00).\",\"breadcrumb\":{\"@id\":\"https:\/\/www.simplbooks.ee\/en\/contact\/#breadcrumb\"},\"inLanguage\":\"en-US\",\"potentialAction\":[{\"@type\":\"ReadAction\",\"target\":[\"https:\/\/www.simplbooks.ee\/en\/contact\/\"]}]},{\"@type\":\"BreadcrumbList\",\"@id\":\"https:\/\/www.simplbooks.ee\/en\/contact\/#breadcrumb\",\"itemListElement\":[{\"@type\":\"ListItem\",\"position\":1,\"name\":\"Home\",\"item\":\"https:\/\/www.simplbooks.ee\/en\/\"},{\"@type\":\"ListItem\",\"position\":2,\"name\":\"Contact\"}]},{\"@type\":\"WebSite\",\"@id\":\"https:\/\/www.simplbooks.ee\/en\/#website\",\"url\":\"https:\/\/www.simplbooks.ee\/en\/\",\"name\":\"SimplBooks\",\"description\":\"Raamatupidamistarkvara\",\"potentialAction\":[{\"@type\":\"SearchAction\",\"target\":{\"@type\":\"EntryPoint\",\"urlTemplate\":\"https:\/\/www.simplbooks.ee\/en\/?s={search_term_string}\"},\"query-input\":\"required name=search_term_string\"}],\"inLanguage\":\"en-US\"}]}<\/script>\n<!-- \/ Yoast SEO plugin. -->","yoast_head_json":{"title":"Contact - SimplBooks","description":"SimplBooks O\u00dc, S\u00f5pruse \u00c4rimaja. Get in touch with our support team at support@simplbooks.ee or call +372 635 0000 (Mon-Fri 9:00-16:00).","robots":{"index":"index","follow":"follow","max-snippet":"max-snippet:-1","max-image-preview":"max-image-preview:large","max-video-preview":"max-video-preview:-1"},"canonical":"https:\/\/www.simplbooks.ee\/en\/contact\/","og_locale":"en_US","og_type":"article","og_title":"Contact - SimplBooks","og_description":"SimplBooks O\u00dc, S\u00f5pruse \u00c4rimaja. Get in touch with our support team at support@simplbooks.ee or call +372 635 0000 (Mon-Fri 9:00-16:00).","og_url":"https:\/\/www.simplbooks.ee\/en\/contact\/","og_site_name":"SimplBooks","article_modified_time":"2025-04-02T08:43:52+00:00","twitter_card":"summary_large_image","twitter_misc":{"Est. reading time":"2 minutes"},"schema":{"@context":"https:\/\/schema.org","@graph":[{"@type":"WebPage","@id":"https:\/\/www.simplbooks.ee\/en\/contact\/","url":"https:\/\/www.simplbooks.ee\/en\/contact\/","name":"Contact - SimplBooks","isPartOf":{"@id":"https:\/\/www.simplbooks.ee\/en\/#website"},"datePublished":"2021-12-16T09:05:44+00:00","dateModified":"2025-04-02T08:43:52+00:00","description":"SimplBooks O\u00dc, S\u00f5pruse \u00c4rimaja. Get in touch with our support team at support@simplbooks.ee or call +372 635 0000 (Mon-Fri 9:00-16:00).","breadcrumb":{"@id":"https:\/\/www.simplbooks.ee\/en\/contact\/#breadcrumb"},"inLanguage":"en-US","potentialAction":[{"@type":"ReadAction","target":["https:\/\/www.simplbooks.ee\/en\/contact\/"]}]},{"@type":"BreadcrumbList","@id":"https:\/\/www.simplbooks.ee\/en\/contact\/#breadcrumb","itemListElement":[{"@type":"ListItem","position":1,"name":"Home","item":"https:\/\/www.simplbooks.ee\/en\/"},{"@type":"ListItem","position":2,"name":"Contact"}]},{"@type":"WebSite","@id":"https:\/\/www.simplbooks.ee\/en\/#website","url":"https:\/\/www.simplbooks.ee\/en\/","name":"SimplBooks","description":"Raamatupidamistarkvara","potentialAction":[{"@type":"SearchAction","target":{"@type":"EntryPoint","urlTemplate":"https:\/\/www.simplbooks.ee\/en\/?s={search_term_string}"},"query-input":"required name=search_term_string"}],"inLanguage":"en-US"}]}},"_links":{"self":[{"href":"https:\/\/www.simplbooks.ee\/en\/wp-json\/wp\/v2\/pages\/32985"}],"collection":[{"href":"https:\/\/www.simplbooks.ee\/en\/wp-json\/wp\/v2\/pages"}],"about":[{"href":"https:\/\/www.simplbooks.ee\/en\/wp-json\/wp\/v2\/types\/page"}],"author":[{"embeddable":true,"href":"https:\/\/www.simplbooks.ee\/en\/wp-json\/wp\/v2\/users\/1"}],"replies":[{"embeddable":true,"href":"https:\/\/www.simplbooks.ee\/en\/wp-json\/wp\/v2\/comments?post=32985"}],"version-history":[{"count":16,"href":"https:\/\/www.simplbooks.ee\/en\/wp-json\/wp\/v2\/pages\/32985\/revisions"}],"predecessor-version":[{"id":35492,"href":"https:\/\/www.simplbooks.ee\/en\/wp-json\/wp\/v2\/pages\/32985\/revisions\/35492"}],"wp:attachment":[{"href":"https:\/\/www.simplbooks.ee\/en\/wp-json\/wp\/v2\/media?parent=32985"}],"curies":[{"name":"wp","href":"https:\/\/api.w.org\/{rel}","templated":true}]}}